{"id":4,"date":"2020-06-16T19:02:30","date_gmt":"2020-06-16T19:02:30","guid":{"rendered":"https:\/\/www.voicearchive.com\/da-dk\/?page_id=4"},"modified":"2026-03-03T12:31:26","modified_gmt":"2026-03-03T11:31:26","slug":"gennemse-over-400-stemmer-i-voicefinder-hurtigt-og-nemt","status":"publish","type":"page","link":"https:\/\/www.voicearchive.com\/da-dk\/gennemse-over-400-stemmer-i-voicefinder-hurtigt-og-nemt\/","title":{"rendered":"V\u00e6lg mellem mere end 2100 h\u00e5ndplukkede voice overs."},"content":{"rendered":"","protected":false},"excerpt":{"rendered":"","protected":false},"author":10,"featured_media":330,"parent":0,"menu_order":0,"comment_status":"closed","ping_status":"closed","template":"","meta":{"inline_featured_image":false,"footnotes":""},"class_list":["post-4","page","type-page","status-publish","has-post-thumbnail","hentry"],"acf":[],"yoast_head":"<!-- This site is optimized with the Yoast SEO Premium plugin v20.7 (Yoast SEO v20.7) - https:\/\/yoast.com\/wordpress\/plugins\/seo\/ -->\n<title>VoiceArchive \u2022 Voice over bureau \u2022 Over 20 \u00e5rs erfaring<\/title>\n<meta name=\"description\" content=\"VoiceArchive er et globalt voice over bureau - 20 \u00e5rs erfaring med speak og dubbing. Find stemmer til elearning, telefonsvarer og reklamer. +110 sprog.\" \/>\n<meta name=\"robots\" content=\"index, follow, max-snippet:-1, max-image-preview:large, max-video-preview:-1\" \/>\n<link rel=\"canonical\" href=\"https:\/\/www.voicearchive.com\/da-dk\/gennemse-over-400-stemmer-i-voicefinder-hurtigt-og-nemt\/\" \/>\n<meta property=\"og:locale\" content=\"da_DK\" \/>\n<meta property=\"og:type\" content=\"article\" \/>\n<meta property=\"og:title\" content=\"V\u00e6lg mellem mere end 2100 h\u00e5ndplukkede voice overs.\" \/>\n<meta property=\"og:description\" content=\"VoiceArchive er et globalt voice over bureau - 20 \u00e5rs erfaring med speak og dubbing. Find stemmer til elearning, telefonsvarer og reklamer. +110 sprog.\" \/>\n<meta property=\"og:url\" content=\"https:\/\/www.voicearchive.com\/da-dk\/gennemse-over-400-stemmer-i-voicefinder-hurtigt-og-nemt\/\" \/>\n<meta property=\"og:site_name\" content=\"Voicearchive DK\" \/>\n<meta property=\"article:modified_time\" content=\"2026-03-03T11:31:26+00:00\" \/>\n<meta property=\"og:image\" content=\"https:\/\/www.voicearchive.com\/da-dk\/wp-content\/uploads\/sites\/4\/2020\/09\/Hero_VoiceoverServices_v3.png\" \/>\n\t<meta property=\"og:image:width\" content=\"1512\" \/>\n\t<meta property=\"og:image:height\" content=\"500\" \/>\n\t<meta property=\"og:image:type\" content=\"image\/png\" \/>\n<meta name=\"twitter:card\" content=\"summary_large_image\" \/>\n<script type=\"application\/ld+json\" class=\"yoast-schema-graph\">{\"@context\":\"https:\/\/schema.org\",\"@graph\":[{\"@type\":\"WebPage\",\"@id\":\"https:\/\/www.voicearchive.com\/da-dk\/gennemse-over-400-stemmer-i-voicefinder-hurtigt-og-nemt\/\",\"url\":\"https:\/\/www.voicearchive.com\/da-dk\/gennemse-over-400-stemmer-i-voicefinder-hurtigt-og-nemt\/\",\"name\":\"VoiceArchive \u2022 Voice over bureau \u2022 Over 20 \u00e5rs erfaring\",\"isPartOf\":{\"@id\":\"https:\/\/www.voicearchive.com\/da-dk\/#website\"},\"datePublished\":\"2020-06-16T19:02:30+00:00\",\"dateModified\":\"2026-03-03T11:31:26+00:00\",\"description\":\"VoiceArchive er et globalt voice over bureau - 20 \u00e5rs erfaring med speak og dubbing. Find stemmer til elearning, telefonsvarer og reklamer. +110 sprog.\",\"breadcrumb\":{\"@id\":\"https:\/\/www.voicearchive.com\/da-dk\/gennemse-over-400-stemmer-i-voicefinder-hurtigt-og-nemt\/#breadcrumb\"},\"inLanguage\":\"da-DK\",\"potentialAction\":[{\"@type\":\"ReadAction\",\"target\":[\"https:\/\/www.voicearchive.com\/da-dk\/gennemse-over-400-stemmer-i-voicefinder-hurtigt-og-nemt\/\"]}]},{\"@type\":\"BreadcrumbList\",\"@id\":\"https:\/\/www.voicearchive.com\/da-dk\/gennemse-over-400-stemmer-i-voicefinder-hurtigt-og-nemt\/#breadcrumb\",\"itemListElement\":[{\"@type\":\"ListItem\",\"position\":1,\"name\":\"Forside\",\"item\":\"https:\/\/www.voicearchive.com\/da-dk\/\"},{\"@type\":\"ListItem\",\"position\":2,\"name\":\"V\u00e6lg mellem mere end 2100 h\u00e5ndplukkede voice overs.\"}]},{\"@type\":\"WebSite\",\"@id\":\"https:\/\/www.voicearchive.com\/da-dk\/#website\",\"url\":\"https:\/\/www.voicearchive.com\/da-dk\/\",\"name\":\"Voicearchive DK\",\"description\":\"Find din stemme. S\u00f8g mellem 2100 professionelle voice overs\",\"potentialAction\":[{\"@type\":\"SearchAction\",\"target\":{\"@type\":\"EntryPoint\",\"urlTemplate\":\"https:\/\/www.voicearchive.com\/da-dk\/?s={search_term_string}\"},\"query-input\":\"required name=search_term_string\"}],\"inLanguage\":\"da-DK\"}]}<\/script>\n<!-- \/ Yoast SEO Premium plugin. -->","yoast_head_json":{"title":"VoiceArchive \u2022 Voice over bureau \u2022 Over 20 \u00e5rs erfaring","description":"VoiceArchive er et globalt voice over bureau - 20 \u00e5rs erfaring med speak og dubbing. Find stemmer til elearning, telefonsvarer og reklamer. +110 sprog.","robots":{"index":"index","follow":"follow","max-snippet":"max-snippet:-1","max-image-preview":"max-image-preview:large","max-video-preview":"max-video-preview:-1"},"canonical":"https:\/\/www.voicearchive.com\/da-dk\/gennemse-over-400-stemmer-i-voicefinder-hurtigt-og-nemt\/","og_locale":"da_DK","og_type":"article","og_title":"V\u00e6lg mellem mere end 2100 h\u00e5ndplukkede voice overs.","og_description":"VoiceArchive er et globalt voice over bureau - 20 \u00e5rs erfaring med speak og dubbing. Find stemmer til elearning, telefonsvarer og reklamer. +110 sprog.","og_url":"https:\/\/www.voicearchive.com\/da-dk\/gennemse-over-400-stemmer-i-voicefinder-hurtigt-og-nemt\/","og_site_name":"Voicearchive DK","article_modified_time":"2026-03-03T11:31:26+00:00","og_image":[{"width":1512,"height":500,"url":"https:\/\/www.voicearchive.com\/da-dk\/wp-content\/uploads\/sites\/4\/2020\/09\/Hero_VoiceoverServices_v3.png","type":"image\/png"}],"twitter_card":"summary_large_image","schema":{"@context":"https:\/\/schema.org","@graph":[{"@type":"WebPage","@id":"https:\/\/www.voicearchive.com\/da-dk\/gennemse-over-400-stemmer-i-voicefinder-hurtigt-og-nemt\/","url":"https:\/\/www.voicearchive.com\/da-dk\/gennemse-over-400-stemmer-i-voicefinder-hurtigt-og-nemt\/","name":"VoiceArchive \u2022 Voice over bureau \u2022 Over 20 \u00e5rs erfaring","isPartOf":{"@id":"https:\/\/www.voicearchive.com\/da-dk\/#website"},"datePublished":"2020-06-16T19:02:30+00:00","dateModified":"2026-03-03T11:31:26+00:00","description":"VoiceArchive er et globalt voice over bureau - 20 \u00e5rs erfaring med speak og dubbing. Find stemmer til elearning, telefonsvarer og reklamer. +110 sprog.","breadcrumb":{"@id":"https:\/\/www.voicearchive.com\/da-dk\/gennemse-over-400-stemmer-i-voicefinder-hurtigt-og-nemt\/#breadcrumb"},"inLanguage":"da-DK","potentialAction":[{"@type":"ReadAction","target":["https:\/\/www.voicearchive.com\/da-dk\/gennemse-over-400-stemmer-i-voicefinder-hurtigt-og-nemt\/"]}]},{"@type":"BreadcrumbList","@id":"https:\/\/www.voicearchive.com\/da-dk\/gennemse-over-400-stemmer-i-voicefinder-hurtigt-og-nemt\/#breadcrumb","itemListElement":[{"@type":"ListItem","position":1,"name":"Forside","item":"https:\/\/www.voicearchive.com\/da-dk\/"},{"@type":"ListItem","position":2,"name":"V\u00e6lg mellem mere end 2100 h\u00e5ndplukkede voice overs."}]},{"@type":"WebSite","@id":"https:\/\/www.voicearchive.com\/da-dk\/#website","url":"https:\/\/www.voicearchive.com\/da-dk\/","name":"Voicearchive DK","description":"Find din stemme. S\u00f8g mellem 2100 professionelle voice overs","potentialAction":[{"@type":"SearchAction","target":{"@type":"EntryPoint","urlTemplate":"https:\/\/www.voicearchive.com\/da-dk\/?s={search_term_string}"},"query-input":"required name=search_term_string"}],"inLanguage":"da-DK"}]}},"_links":{"self":[{"href":"https:\/\/www.voicearchive.com\/da-dk\/wp-json\/wp\/v2\/pages\/4","targetHints":{"allow":["GET"]}}],"collection":[{"href":"https:\/\/www.voicearchive.com\/da-dk\/wp-json\/wp\/v2\/pages"}],"about":[{"href":"https:\/\/www.voicearchive.com\/da-dk\/wp-json\/wp\/v2\/types\/page"}],"author":[{"embeddable":true,"href":"https:\/\/www.voicearchive.com\/da-dk\/wp-json\/wp\/v2\/users\/10"}],"replies":[{"embeddable":true,"href":"https:\/\/www.voicearchive.com\/da-dk\/wp-json\/wp\/v2\/comments?post=4"}],"version-history":[{"count":0,"href":"https:\/\/www.voicearchive.com\/da-dk\/wp-json\/wp\/v2\/pages\/4\/revisions"}],"wp:featuredmedia":[{"embeddable":true,"href":"https:\/\/www.voicearchive.com\/da-dk\/wp-json\/wp\/v2\/media\/330"}],"wp:attachment":[{"href":"https:\/\/www.voicearchive.com\/da-dk\/wp-json\/wp\/v2\/media?parent=4"}],"curies":[{"name":"wp","href":"https:\/\/api.w.org\/{rel}","templated":true}]}}